{"id":11925,"date":"2020-11-30T17:27:01","date_gmt":"2020-11-30T17:27:01","guid":{"rendered":"http:\/\/obispadodelinares.cl\/ol\/?page_id=11925"},"modified":"2022-03-14T20:18:42","modified_gmt":"2022-03-14T20:18:42","slug":"administracion","status":"publish","type":"page","link":"https:\/\/obispadodelinares.cl\/ol\/?page_id=11925","title":{"rendered":"Administraci\u00f3n"},"content":{"rendered":"<div data-colibri-id=\"11925-c1\" class=\"style-2934 style-local-11925-c1 position-relative\">\r\n  <!---->\r\n  <div data-colibri-component=\"section\" data-colibri-id=\"11925-c2\" id=\"custom\" class=\"h-section h-section-global-spacing d-flex align-items-lg-center align-items-md-center align-items-center style-2935 style-local-11925-c2 position-relative\">\r\n    <!---->\r\n    <!---->\r\n    <div class=\"h-section-grid-container h-section-boxed-container\">\r\n      <!---->\r\n      <div data-colibri-id=\"11925-c3\" class=\"h-row-container gutters-row-lg-2 gutters-row-md-2 gutters-row-0 gutters-row-v-lg-2 gutters-row-v-md-2 gutters-row-v-2 style-2936 style-local-11925-c3 position-relative\">\r\n        <!---->\r\n        <div class=\"h-row justify-content-lg-center justify-content-md-center justify-content-center align-items-lg-stretch align-items-md-stretch align-items-stretch gutters-col-lg-2 gutters-col-md-2 gutters-col-0 gutters-col-v-lg-2 gutters-col-v-md-2 gutters-col-v-2\">\r\n          <!---->\r\n          <div class=\"h-column h-column-container d-flex h-col-lg-auto h-col-md-auto h-col-auto style-2937-outer style-local-11925-c4-outer\">\r\n            <div data-colibri-id=\"11925-c4\" class=\"d-flex h-flex-basis h-column__inner h-ui-empty-state-container h-px-lg-2 h-px-md-2 h-px-2 v-inner-lg-2 v-inner-md-2 v-inner-2 style-2937 style-local-11925-c4 position-relative\">\r\n              <!---->\r\n              <!---->\r\n              <div class=\"w-100 h-y-container h-column__content h-column__v-align flex-basis-100\">\r\n                <!---->\r\n              <\/div>\r\n            <\/div>\r\n          <\/div>\r\n        <\/div>\r\n      <\/div>\r\n    <\/div>\r\n  <\/div>\r\n  <div data-colibri-component=\"section\" data-colibri-id=\"11925-c5\" id=\"overlappable\" class=\"h-section h-section-global-spacing d-flex align-items-lg-center align-items-md-center align-items-center style-2938 style-local-11925-c5 position-relative\">\r\n    <!---->\r\n    <!---->\r\n    <div class=\"h-section-grid-container h-section-boxed-container\">\r\n      <!---->\r\n      <div data-colibri-id=\"11925-c6\" class=\"h-row-container gutters-row-lg-0 gutters-row-md-0 gutters-row-0 gutters-row-v-lg-0 gutters-row-v-md-0 gutters-row-v-0 style-2939 style-local-11925-c6 position-relative\">\r\n        <!---->\r\n        <div class=\"h-row justify-content-lg-center justify-content-md-center justify-content-center align-items-lg-stretch align-items-md-stretch align-items-stretch gutters-col-lg-0 gutters-col-md-0 gutters-col-0 gutters-col-v-lg-0 gutters-col-v-md-0 gutters-col-v-0\">\r\n          <!---->\r\n          <div class=\"h-column h-column-container d-flex h-col-lg-4 h-col-md-4 h-col-12 style-2940-outer style-local-11925-c7-outer\">\r\n            <div data-colibri-id=\"11925-c7\" class=\"d-flex h-flex-basis h-column__inner h-px-lg-3 h-px-md-3 h-px-2 v-inner-lg-3 v-inner-md-3 v-inner-2 style-2940 style-local-11925-c7 position-relative\">\r\n              <!---->\r\n              <!---->\r\n              <div class=\"w-100 h-y-container h-column__content h-column__v-align flex-basis-100 align-self-lg-start align-self-md-start align-self-start\">\r\n                <!---->\r\n                <div data-colibri-id=\"11925-c8\" class=\"h-icon style-2941 style-local-11925-c8 position-relative h-element\">\r\n                  <!----><span class=\"h-svg-icon h-icon__icon style-2941-icon style-local-11925-c8-icon\"><!--Icon by Icons8 Line Awesome (https:\/\/icons8.com\/line-awesome)--><svg version=\"1.1\" xmlns=\"http:\/\/www.w3.org\/2000\/svg\" xmlns:xlink=\"http:\/\/www.w3.org\/1999\/xlink\" id=\"forumbee\" viewBox=\"0 0 512 545.5\"><path d=\"M256 79.5c14.992 0 29.404 1.492 43.5 4.5-116.736 43.552-203.864 137.744-247 250-3.344-14.816-5-30.16-5-46 0-114.992 93.492-208.5 208.5-208.5zm118 37c16.848 11.68 32.264 25.968 45 42-56.928 14.832-221.192 75.54-293 292.5-15.872-12.624-29.9-27.828-41.5-44.5 66.8-209.152 233.532-273.824 289.5-290zm73.5 89.5c7.136 16.688 11.94 34.408 14.5 53-151.824 61.856-214.352 185.576-234 235-18.544-2.48-36.328-7.476-53-14.5 19.504-58.336 87.124-213.884 272.5-273.5zM462 317.5c-3.984 27.904-13.596 53.8-27.5 77C444.227 422.42 464 496 464 496l-99.5-30.5c-23.024 14.112-49.208 23.712-77 28 9.696-22.096 32.36-61.464 81-107 42.816-40.08 74.284-59.464 93.5-69z\"><\/path><\/svg><\/span><\/div>\r\n                <div\r\n                  data-colibri-id=\"11925-c9\" class=\"h-global-transition-all h-heading style-2942 style-local-11925-c9 position-relative h-element\">\r\n                  <!---->\r\n                  <div class=\"h-heading__outer style-2942 style-local-11925-c9\">\r\n                    <!---->\r\n                    <!---->\r\n                    <h5 class=\"\">Administraci\u00f3n Central:\r\n                      <br> Sr. Rodrigo Barrera<\/h5>\r\n                  <\/div>\r\n              <\/div>\r\n              <div data-colibri-id=\"11925-c10\" class=\"h-text h-text-component style-2943 style-local-11925-c10 position-relative h-element\">\r\n                <!---->\r\n                <!---->\r\n                <div class=\"\">\r\n                  <p><span style=\"font-weight: 400; font-size: 16px; font-family: &quot;Open Sans&quot;; color: rgb(70, 112, 127);\">Fono: 73 2 627231Direcci\u00f3n: Independencia 248 Casilla 107 Linares.<\/span><\/p>\r\n                  <p><span style=\"font-weight: 400; font-size: 16px; font-family: &quot;Open Sans&quot;; color: rgb(70, 112, 127);\">&nbsp;E-Mail:&nbsp;<\/span>\r\n                    <a href=\"mailto:cmorales@obispadodelinares.cl\" style=\"font-weight: 400; font-size: 16px; font-family: &quot;Open Sans&quot;; color: rgb(3, 169, 244);\">rbarrera@obispadodelinares.cl<\/a>\r\n                  <\/p>\r\n                <\/div>\r\n              <\/div>\r\n            <\/div>\r\n          <\/div>\r\n        <\/div>\r\n        <div class=\"h-column h-column-container d-flex h-col-lg-4 h-col-md-4 h-col-12 style-2946-outer style-local-11925-c11-outer\">\r\n          <div data-colibri-id=\"11925-c11\" class=\"d-flex h-flex-basis h-column__inner h-px-lg-3 h-px-md-3 h-px-3 v-inner-lg-3 v-inner-md-3 v-inner-3 style-2946 style-local-11925-c11 position-relative\">\r\n            <!---->\r\n            <!---->\r\n            <div class=\"w-100 h-y-container h-column__content h-column__v-align flex-basis-100 align-self-lg-start align-self-md-start align-self-start\">\r\n              <!---->\r\n              <div data-colibri-id=\"11925-c12\" class=\"h-icon style-2947 style-local-11925-c12 position-relative h-element\">\r\n                <!----><span class=\"h-svg-icon h-icon__icon style-2947-icon style-local-11925-c12-icon\"><!--Icon by Icons8 Line Awesome (https:\/\/icons8.com\/line-awesome)--><svg version=\"1.1\" xmlns=\"http:\/\/www.w3.org\/2000\/svg\" xmlns:xlink=\"http:\/\/www.w3.org\/1999\/xlink\" id=\"cubes\" viewBox=\"0 0 512 545.5\"><path d=\"M256 96l6 2.5 96 38.5 10 4v107.5l86.5 37.5 9.5 4.5v129l-8 5-96 53.5-7.5 4-7.5-3.5-89-44.5-89 44.5-7.5 3.5-7.5-4-96-53.5-8-5v-129l9.5-4.5 86.5-37.5V141l10-4 96-38.5zm0 35l-52.5 20.5L256 172l52.5-20.5zm-80 44v74l64 28.5v-78zm160 0l-64 24.5v78l64-28.5v-74zM160 277l-58 25 58 29 58-28.5zm192 0l-40 17.5-18 8 58 28.5 58-29zM80 326.5V401l64 36v-78.5zm352 0l-64 32V437l64-36v-74.5zm-192 1l-64 31V438l64-32v-78.5zm32 0V406l64 32v-79.5z\"><\/path><\/svg><\/span><\/div>\r\n              <div\r\n                data-colibri-id=\"11925-c13\" class=\"h-global-transition-all h-heading style-2948 style-local-11925-c13 position-relative h-element\">\r\n                <!---->\r\n                <div class=\"h-heading__outer style-2948 style-local-11925-c13\">\r\n                  <!---->\r\n                  <!---->\r\n                  <h5 class=\"\">Contadora:\r\n                    <br>Susana S\u00e1ez Reyes <\/h5>\r\n                <\/div>\r\n            <\/div>\r\n            <div data-colibri-id=\"11925-c14\" class=\"h-text h-text-component style-2949 style-local-11925-c14 position-relative h-element\">\r\n              <!---->\r\n              <!---->\r\n              <div class=\"\">\r\n                <p><strong>Fono:<\/strong>&nbsp;73-2 627208<\/p>\r\n                <p>Mail: contabilidad@obispadodelinares.cl<\/p>\r\n                <p>\r\n                  <br>\r\n                <\/p>\r\n              <\/div>\r\n            <\/div>\r\n          <\/div>\r\n        <\/div>\r\n      <\/div>\r\n    <\/div>\r\n  <\/div>\r\n<\/div>\r\n<\/div>\r\n<div data-colibri-component=\"section\" data-colibri-id=\"11925-c17\" id=\"custom-2\" class=\"h-section h-section-global-spacing d-flex align-items-lg-center align-items-md-center align-items-center style-2956 style-local-11925-c17 position-relative\">\r\n  <!---->\r\n  <!---->\r\n  <div class=\"h-section-grid-container h-section-boxed-container\">\r\n    <!---->\r\n    <div data-colibri-id=\"11925-c21\" class=\"h-row-container gutters-row-lg-2 gutters-row-md-2 gutters-row-0 gutters-row-v-lg-2 gutters-row-v-md-2 gutters-row-v-2 style-2960 style-local-11925-c21 position-relative\">\r\n      <!---->\r\n      <div class=\"h-row justify-content-lg-center justify-content-md-center justify-content-center align-items-lg-stretch align-items-md-stretch align-items-stretch gutters-col-lg-2 gutters-col-md-2 gutters-col-0 gutters-col-v-lg-2 gutters-col-v-md-2 gutters-col-v-2\">\r\n        <!---->\r\n        <div class=\"h-column h-column-container d-flex h-col-lg-auto h-col-md-auto h-col-auto style-2961-outer style-local-11925-c22-outer\">\r\n          <div data-colibri-id=\"11925-c22\" class=\"d-flex h-flex-basis h-column__inner h-px-lg-2 h-px-md-2 h-px-2 v-inner-lg-2 v-inner-md-2 v-inner-2 style-2961 style-local-11925-c22 position-relative\">\r\n            <!---->\r\n            <!---->\r\n            <div class=\"w-100 h-y-container h-column__content h-column__v-align flex-basis-100 align-self-lg-start align-self-md-start align-self-start\">\r\n              <!---->\r\n              <div data-colibri-id=\"11925-c23\" class=\"h-global-transition-all h-heading style-2962 style-local-11925-c23 position-relative h-element\">\r\n                <!---->\r\n                <div class=\"h-heading__outer style-2962 style-local-11925-c23\">\r\n                  <!---->\r\n                  <!---->\r\n                  <h1 class=\"\">Res\u00famenes Econ\u00f3micos&nbsp;<\/h1>\r\n                <\/div>\r\n              <\/div>\r\n            <\/div>\r\n          <\/div>\r\n        <\/div>\r\n      <\/div>\r\n    <\/div>\r\n    <div data-colibri-id=\"11925-c18\" class=\"h-row-container gutters-row-lg-2 gutters-row-md-2 gutters-row-0 gutters-row-v-lg-2 gutters-row-v-md-2 gutters-row-v-2 style-2957 style-local-11925-c18 position-relative\">\r\n      <!---->\r\n      <div class=\"h-row justify-content-lg-center justify-content-md-center justify-content-center align-items-lg-stretch align-items-md-stretch align-items-stretch gutters-col-lg-2 gutters-col-md-2 gutters-col-0 gutters-col-v-lg-2 gutters-col-v-md-2 gutters-col-v-2\">\r\n        <!---->\r\n        <div class=\"h-column h-column-container d-flex h-col-lg-auto h-col-md-auto h-col-auto style-2958-outer style-local-11925-c19-outer\">\r\n          <div data-colibri-id=\"11925-c19\" class=\"d-flex h-flex-basis h-column__inner h-px-lg-2 h-px-md-2 h-px-2 v-inner-lg-2 v-inner-md-2 v-inner-2 style-2958 style-local-11925-c19 position-relative\">\r\n            <!---->\r\n            <!---->\r\n            <div class=\"w-100 h-y-container h-column__content h-column__v-align flex-basis-100 align-self-lg-start align-self-md-start align-self-start\">\r\n              <!---->\r\n              <div data-colibri-id=\"11925-c30\" class=\"h-icon style-2970 style-local-11925-c30 position-relative h-element\">\r\n                <!----><span class=\"h-svg-icon h-icon__icon style-2970-icon style-local-11925-c30-icon\"><!--Icon by Foundation Icons (https:\/\/zurb.com\/playground\/foundation-icon-fonts-3)--><svg version=\"1.1\" xmlns=\"http:\/\/www.w3.org\/2000\/svg\" xmlns:xlink=\"http:\/\/www.w3.org\/1999\/xlink\" id=\"graph-bar\" viewBox=\"0 0 427 512.5\"><path d=\"M193 308.25c4 0 8 4 8 8v112c0 4-4 8-8 8h-72c-4 0-8-4-8-8v-112c0-4 4-8 8-8h72zm113-232c4 0 8 4 8 8v344c0 4-4 8-8 8h-72c-4 0-8-4-8-8v-344c0-4 4-8 8-8h72zm114 105c4 0 7 3 7 7v240c0 4-3 8-7 8h-73c-4 0-8-4-8-8v-240c0-4 4-7 8-7h73zm-340 0c4 0 8 3 8 7v240c0 4-4 8-8 8H8c-4 0-8-4-8-8v-240c0-4 4-7 8-7h72z\"><\/path><\/svg><\/span><\/div>\r\n              <div\r\n                data-colibri-id=\"11925-c24\" class=\"h-global-transition-all h-heading style-2963 style-local-11925-c24 position-relative h-element\">\r\n                <!---->\r\n                <div class=\"h-heading__outer style-2963 style-local-11925-c24\">\r\n                  <!---->\r\n                  <!---->\r\n                  <a href=\"http:\/\/obispadodelinares.cl\/DOCS\/Resumen_1_2019.pdf\" h-use-smooth-scroll=\"true\">\r\n                    <h4 class=\"\">Resumen Informe Contribuci\u00f3n a la Iglesia 1%, a\u00f1o 2019<\/h4>\r\n                  <\/a>\r\n                <\/div>\r\n            <\/div>\r\n            <div data-colibri-id=\"11925-c26\" class=\"h-x-container style-2965 style-local-11925-c26 position-relative h-element\">\r\n              <!---->\r\n              <div class=\"h-x-container-inner style-dynamic-11925-c26-group style-2965-spacing style-local-11925-c26-spacing\"><span class=\"h-button__outer style-2966-outer style-local-11925-c27-outer d-inline-flex h-element\"><a h-use-smooth-scroll=\"true\" href=\"http:\/\/obispadodelinares.cl\/DOCS\/Resumen_1_2019.pdf\"  data-colibri-id=\"11925-c27\" class=\"d-flex w-100 align-items-center h-button justify-content-lg-center justify-content-md-center justify-content-center style-2966 style-local-11925-c27 position-relative\"><!----><!----> <span>Ver Aqu\u00ed<\/span><\/a>\r\n                <\/span>\r\n              <\/div>\r\n            <\/div>\r\n          <\/div>\r\n        <\/div>\r\n      <\/div>\r\n      <div class=\"h-column h-column-container d-flex h-col-lg-auto h-col-md-auto h-col-auto style-2959-outer style-local-11925-c20-outer\">\r\n        <div data-colibri-id=\"11925-c20\" class=\"d-flex h-flex-basis h-column__inner h-px-lg-2 h-px-md-2 h-px-2 v-inner-lg-2 v-inner-md-2 v-inner-2 style-2959 style-local-11925-c20 position-relative\">\r\n          <!---->\r\n          <!---->\r\n          <div class=\"w-100 h-y-container h-column__content h-column__v-align flex-basis-100 align-self-lg-start align-self-md-start align-self-start\">\r\n            <!---->\r\n            <div data-colibri-id=\"11925-c31\" class=\"h-icon style-2970 style-local-11925-c31 position-relative h-element\">\r\n              <!----><span class=\"h-svg-icon h-icon__icon style-2970-icon style-local-11925-c31-icon\"><!--Icon by Foundation Icons (https:\/\/zurb.com\/playground\/foundation-icon-fonts-3)--><svg version=\"1.1\" xmlns=\"http:\/\/www.w3.org\/2000\/svg\" xmlns:xlink=\"http:\/\/www.w3.org\/1999\/xlink\" id=\"graph-bar\" viewBox=\"0 0 427 512.5\"><path d=\"M193 308.25c4 0 8 4 8 8v112c0 4-4 8-8 8h-72c-4 0-8-4-8-8v-112c0-4 4-8 8-8h72zm113-232c4 0 8 4 8 8v344c0 4-4 8-8 8h-72c-4 0-8-4-8-8v-344c0-4 4-8 8-8h72zm114 105c4 0 7 3 7 7v240c0 4-3 8-7 8h-73c-4 0-8-4-8-8v-240c0-4 4-7 8-7h73zm-340 0c4 0 8 3 8 7v240c0 4-4 8-8 8H8c-4 0-8-4-8-8v-240c0-4 4-7 8-7h72z\"><\/path><\/svg><\/span><\/div>\r\n            <div\r\n              data-colibri-id=\"11925-c25\" class=\"h-global-transition-all h-heading style-2964 style-local-11925-c25 position-relative h-element\">\r\n              <!---->\r\n              <div class=\"h-heading__outer style-2964 style-local-11925-c25\">\r\n                <!---->\r\n                <!---->\r\n                <a href=\"http:\/\/obispadodelinares.cl\/DOCS\/Resumen%20Parroquias%2007%20Agosto.pdf\" h-use-smooth-scroll=\"true\">\r\n                  <h4 class=\"\">Resumen Econ\u00f3micos Parroquias 2019<\/h4>\r\n                <\/a>\r\n              <\/div>\r\n          <\/div>\r\n          <div data-colibri-id=\"11925-c28\" class=\"h-x-container style-2967 style-local-11925-c28 position-relative h-element\">\r\n            <!---->\r\n            <div class=\"h-x-container-inner style-dynamic-11925-c28-group style-2967-spacing style-local-11925-c28-spacing\"><span class=\"h-button__outer style-2968-outer style-local-11925-c29-outer d-inline-flex h-element\"><a h-use-smooth-scroll=\"true\" href=\"http:\/\/obispadodelinares.cl\/DOCS\/Resumen%20Parroquias%2007%20Agosto.pdf\"  data-colibri-id=\"11925-c29\" class=\"d-flex w-100 align-items-center h-button justify-content-lg-center justify-content-md-center justify-content-center style-2968 style-local-11925-c29 position-relative\"><!----><!----> <span>Ver aqu\u00ed<\/span><\/a>\r\n              <\/span>\r\n            <\/div>\r\n          <\/div>\r\n        <\/div>\r\n      <\/div>\r\n    <\/div>\r\n  <\/div>\r\n<\/div>\r\n<\/div>\r\n<\/div>\r\n<\/div>","protected":false},"excerpt":{"rendered":"<p>Administraci\u00f3n Central: Sr. Rodrigo Barrera Fono: 73 2 627231Direcci\u00f3n: Independencia 248 Casilla 107 Linares. &nbsp;E-Mail:&nbsp; rbarrera@obispadodelinares.cl Contadora: Susana S\u00e1ez Reyes Fono:&nbsp;73-2 627208 Mail: contabilidad@obispadodelinares.cl Res\u00famenes Econ\u00f3micos&nbsp; Resumen Informe Contribuci\u00f3n a la Iglesia 1%, a\u00f1o 2019 Ver Aqu\u00ed Resumen Econ\u00f3micos Parroquias 2019 Ver aqu\u00ed<\/p>\n","protected":false},"author":1,"featured_media":0,"parent":0,"menu_order":0,"comment_status":"closed","ping_status":"closed","template":"page-templates\/full-width-page.php","meta":{"h5ap_radio_sources":[],"footnotes":""},"class_list":["post-11925","page","type-page","status-publish","hentry"],"_links":{"self":[{"href":"https:\/\/obispadodelinares.cl\/ol\/index.php?rest_route=\/wp\/v2\/pages\/11925","targetHints":{"allow":["GET"]}}],"collection":[{"href":"https:\/\/obispadodelinares.cl\/ol\/index.php?rest_route=\/wp\/v2\/pages"}],"about":[{"href":"https:\/\/obispadodelinares.cl\/ol\/index.php?rest_route=\/wp\/v2\/types\/page"}],"author":[{"embeddable":true,"href":"https:\/\/obispadodelinares.cl\/ol\/index.php?rest_route=\/wp\/v2\/users\/1"}],"replies":[{"embeddable":true,"href":"https:\/\/obispadodelinares.cl\/ol\/index.php?rest_route=%2Fwp%2Fv2%2Fcomments&post=11925"}],"version-history":[{"count":5,"href":"https:\/\/obispadodelinares.cl\/ol\/index.php?rest_route=\/wp\/v2\/pages\/11925\/revisions"}],"predecessor-version":[{"id":14262,"href":"https:\/\/obispadodelinares.cl\/ol\/index.php?rest_route=\/wp\/v2\/pages\/11925\/revisions\/14262"}],"wp:attachment":[{"href":"https:\/\/obispadodelinares.cl\/ol\/index.php?rest_route=%2Fwp%2Fv2%2Fmedia&parent=11925"}],"curies":[{"name":"wp","href":"https:\/\/api.w.org\/{rel}","templated":true}]}}